{"id":1737,"date":"2025-03-28T22:26:13","date_gmt":"2025-03-29T03:26:13","guid":{"rendered":"https:\/\/enchapesrisaralda.com\/web\/?post_type=product&#038;p=1737"},"modified":"2025-03-29T11:33:19","modified_gmt":"2025-03-29T16:33:19","slug":"porcelagres-terracota-305-x-305","status":"publish","type":"product","link":"https:\/\/enchapesrisaralda.com\/web\/producto\/porcelagres-terracota-305-x-305\/","title":{"rendered":"PORCELAGRES TERRACOTA 30,5 X 30,5"},"content":{"rendered":"<p>UNIDADADES POR CAJA: 11 UNID<br \/>\nTRAFICO: COMERCIAL MODERADO<br \/>\nMETRO POR CAJA: 1<br \/>\nCARAS Y DISE\u00d1OS: 8<br \/>\nVARACION \u2013 TONO: 4<br \/>\nVENTAJAS: ABSORCION AL AGUA<br \/>\nRESISTENCIA A LA ROTURA, AL CUARTEO, AL CONGELAMIENTO Y AL MANCHADO.<br \/>\nGARANTIA: DE 10 A\u00d1OS<\/p>\n<p>LA GARANT\u00cdA NO INCLUYE: RECLAMACIONES POR VARIACI\u00d3N EN LA TONALIDAD Y TAMA\u00d1O DEL PRODUCTO, SIEMPRE Y CUANDO ESTAS SE ENCUENTREN DENTRO DE LOS RANGOS PERMITIDOS POR LA NORMA T\u00c9CNICA DE FABRICACI\u00d3N.<\/p>\n","protected":false},"excerpt":{"rendered":"<p>UNIDADADES POR CAJA: 11 UNID<br \/>\nTRAFICO: COMERCIAL MODERADO<br \/>\nMETRO POR CAJA: 1<br \/>\nCARAS Y DISE\u00d1OS: 8<br \/>\nVARACION \u2013 TONO: 4<br \/>\nVENTAJAS: ABSORCION AL AGUA<br \/>\nRESISTENCIA A LA ROTURA, AL CUARTEO, AL CONGELAMIENTO Y AL MANCHADO.<br \/>\nGARANTIA: DE 10 A\u00d1OS<\/p>\n","protected":false},"featured_media":1738,"comment_status":"open","ping_status":"closed","template":"","meta":{"_uag_custom_page_level_css":"","site-sidebar-layout":"default","site-content-layout":"","ast-site-content-layout":"default","site-content-style":"default","site-sidebar-style":"default","ast-global-header-display":"","ast-banner-title-visibility":"","ast-main-header-display":"","ast-hfb-above-header-display":"","ast-hfb-below-header-display":"","ast-hfb-mobile-header-display":"","site-post-title":"","ast-breadcrumbs-content":"","ast-featured-img":"","footer-sml-layout":"","theme-transparent-header-meta":"default","adv-header-id-meta":"","stick-header-meta":"default","header-above-stick-meta":"","header-main-stick-meta":"","header-below-stick-meta":"","astra-migrate-meta-layouts":"set","ast-page-background-enabled":"default","ast-page-background-meta":{"desktop":{"background-color":"","background-image":"","background-repeat":"repeat","background-position":"center center","background-size":"auto","background-attachment":"scroll","background-type":"","background-media":"","overlay-type":"","overlay-color":"","overlay-opacity":"","overlay-gradient":""},"tablet":{"background-color":"","background-image":"","background-repeat":"repeat","background-position":"center center","background-size":"auto","background-attachment":"scroll","background-type":"","background-media":"","overlay-type":"","overlay-color":"","overlay-opacity":"","overlay-gradient":""},"mobile":{"background-color":"","background-image":"","background-repeat":"repeat","background-position":"center center","background-size":"auto","background-attachment":"scroll","background-type":"","background-media":"","overlay-type":"","overlay-color":"","overlay-opacity":"","overlay-gradient":""}},"ast-content-background-meta":{"desktop":{"background-color":"var(--ast-global-color-5)","background-image":"","background-repeat":"repeat","background-position":"center center","background-size":"auto","background-attachment":"scroll","background-type":"","background-media":"","overlay-type":"","overlay-color":"","overlay-opacity":"","overlay-gradient":""},"tablet":{"background-color":"var(--ast-global-color-5)","background-image":"","background-repeat":"repeat","background-position":"center center","background-size":"auto","background-attachment":"scroll","background-type":"","background-media":"","overlay-type":"","overlay-color":"","overlay-opacity":"","overlay-gradient":""},"mobile":{"background-color":"var(--ast-global-color-5)","background-image":"","background-repeat":"repeat","background-position":"center center","background-size":"auto","background-attachment":"scroll","background-type":"","background-media":"","overlay-type":"","overlay-color":"","overlay-opacity":"","overlay-gradient":""}}},"product_brand":[],"product_cat":[36,37,28],"product_tag":[45,69,31],"class_list":{"0":"post-1737","1":"product","2":"type-product","3":"status-publish","4":"has-post-thumbnail","6":"product_cat-exterior","7":"product_cat-interior","8":"product_cat-pisos","9":"product_tag-exterior","10":"product_tag-interior","11":"product_tag-pisos","12":"desktop-align-left","13":"tablet-align-left","14":"mobile-align-left","15":"ast-product-gallery-layout-horizontal-slider","17":"first","18":"instock","19":"taxable","20":"shipping-taxable","21":"product-type-simple"},"spectra_custom_meta":{"_edit_last":["1"],"_edit_lock":["1743266007:1"],"_sku":["PORGRES001"],"total_sales":["0"],"_tax_status":["taxable"],"_tax_class":[""],"_manage_stock":["no"],"_backorders":["no"],"_sold_individually":["no"],"_length":["30.5"],"_width":["30.5"],"_virtual":["no"],"_downloadable":["no"],"_download_limit":["-1"],"_download_expiry":["-1"],"_stock":[null],"_stock_status":["instock"],"_wc_average_rating":["0"],"_wc_review_count":["0"],"_product_version":["9.7.1"],"_product_image_gallery":["1738"],"site-sidebar-layout":["default"],"ast-site-content-layout":["default"],"site-content-style":["default"],"site-sidebar-style":["default"],"theme-transparent-header-meta":["default"],"stick-header-meta":["default"],"_thumbnail_id":["1738"],"astra-migrate-meta-layouts":["set"],"_uag_page_assets":["a:9:{s:3:\"css\";s:263:\".uag-blocks-common-selector{z-index:var(--z-index-desktop) !important}@media (max-width: 976px){.uag-blocks-common-selector{z-index:var(--z-index-tablet) !important}}@media (max-width: 767px){.uag-blocks-common-selector{z-index:var(--z-index-mobile) !important}}\n\";s:2:\"js\";s:0:\"\";s:18:\"current_block_list\";a:11:{i:0;s:11:\"core\/search\";i:1;s:10:\"core\/group\";i:2;s:12:\"core\/heading\";i:3;s:17:\"core\/latest-posts\";i:4;s:20:\"core\/latest-comments\";i:5;s:13:\"core\/archives\";i:6;s:15:\"core\/categories\";i:7;s:24:\"woocommerce\/price-filter\";i:8;s:17:\"core\/widget-group\";i:9;s:27:\"woocommerce\/product-on-sale\";i:10;s:26:\"woocommerce\/filter-wrapper\";}s:8:\"uag_flag\";b:0;s:11:\"uag_version\";s:10:\"1776934797\";s:6:\"gfonts\";a:0:{}s:10:\"gfonts_url\";s:0:\"\";s:12:\"gfonts_files\";a:0:{}s:14:\"uag_faq_layout\";b:0;}"],"_uag_css_file_name":["uag-css-1737.css"]},"uagb_featured_image_src":{"full":["https:\/\/enchapesrisaralda.com\/web\/wp-content\/uploads\/2025\/03\/porcelagres-terracota.jpg",540,537,false],"thumbnail":["https:\/\/enchapesrisaralda.com\/web\/wp-content\/uploads\/2025\/03\/porcelagres-terracota-150x150.jpg",150,150,true],"medium":["https:\/\/enchapesrisaralda.com\/web\/wp-content\/uploads\/2025\/03\/porcelagres-terracota-300x298.jpg",300,298,true],"medium_large":["https:\/\/enchapesrisaralda.com\/web\/wp-content\/uploads\/2025\/03\/porcelagres-terracota.jpg",540,537,false],"large":["https:\/\/enchapesrisaralda.com\/web\/wp-content\/uploads\/2025\/03\/porcelagres-terracota.jpg",540,537,false],"1536x1536":["https:\/\/enchapesrisaralda.com\/web\/wp-content\/uploads\/2025\/03\/porcelagres-terracota.jpg",540,537,false],"2048x2048":["https:\/\/enchapesrisaralda.com\/web\/wp-content\/uploads\/2025\/03\/porcelagres-terracota.jpg",540,537,false],"mailpoet_newsletter_max":["https:\/\/enchapesrisaralda.com\/web\/wp-content\/uploads\/2025\/03\/porcelagres-terracota.jpg",540,537,false],"woocommerce_thumbnail":["https:\/\/enchapesrisaralda.com\/web\/wp-content\/uploads\/2025\/03\/porcelagres-terracota-300x300.jpg",300,300,true],"woocommerce_single":["https:\/\/enchapesrisaralda.com\/web\/wp-content\/uploads\/2025\/03\/porcelagres-terracota.jpg",540,537,false],"woocommerce_gallery_thumbnail":["https:\/\/enchapesrisaralda.com\/web\/wp-content\/uploads\/2025\/03\/porcelagres-terracota-100x100.jpg",100,100,true]},"uagb_author_info":{"display_name":"Adm1n_Enchap3sR","author_link":"https:\/\/enchapesrisaralda.com\/web\/author\/"},"uagb_comment_info":0,"uagb_excerpt":"UNIDADADES POR CAJA: 11 UNID TRAFICO: COMERCIAL MODERADO METRO POR CAJA: 1 CARAS Y DISE\u00d1OS: 8 VARACION \u2013 TONO: 4 VENTAJAS: ABSORCION AL AGUA RESISTENCIA A LA ROTURA, AL CUARTEO, AL CONGELAMIENTO Y AL MANCHADO. GARANTIA: DE 10 A\u00d1OS","_links":{"self":[{"href":"https:\/\/enchapesrisaralda.com\/web\/wp-json\/wp\/v2\/product\/1737","targetHints":{"allow":["GET"]}}],"collection":[{"href":"https:\/\/enchapesrisaralda.com\/web\/wp-json\/wp\/v2\/product"}],"about":[{"href":"https:\/\/enchapesrisaralda.com\/web\/wp-json\/wp\/v2\/types\/product"}],"replies":[{"embeddable":true,"href":"https:\/\/enchapesrisaralda.com\/web\/wp-json\/wp\/v2\/comments?post=1737"}],"wp:featuredmedia":[{"embeddable":true,"href":"https:\/\/enchapesrisaralda.com\/web\/wp-json\/wp\/v2\/media\/1738"}],"wp:attachment":[{"href":"https:\/\/enchapesrisaralda.com\/web\/wp-json\/wp\/v2\/media?parent=1737"}],"wp:term":[{"taxonomy":"product_brand","embeddable":true,"href":"https:\/\/enchapesrisaralda.com\/web\/wp-json\/wp\/v2\/product_brand?post=1737"},{"taxonomy":"product_cat","embeddable":true,"href":"https:\/\/enchapesrisaralda.com\/web\/wp-json\/wp\/v2\/product_cat?post=1737"},{"taxonomy":"product_tag","embeddable":true,"href":"https:\/\/enchapesrisaralda.com\/web\/wp-json\/wp\/v2\/product_tag?post=1737"}],"curies":[{"name":"wp","href":"https:\/\/api.w.org\/{rel}","templated":true}]}}