{"id":1735,"date":"2025-03-28T22:20:39","date_gmt":"2025-03-29T03:20:39","guid":{"rendered":"https:\/\/enchapesrisaralda.com\/web\/?post_type=product&#038;p=1735"},"modified":"2025-03-28T22:20:39","modified_gmt":"2025-03-29T03:20:39","slug":"kavala-marfil-50x50","status":"publish","type":"product","link":"https:\/\/enchapesrisaralda.com\/web\/producto\/kavala-marfil-50x50\/","title":{"rendered":"KAVALA MARFIL 50X50"},"content":{"rendered":"<p>PISO IDEAL PARA ESPACIOS DE EXTERIOR. EL DISE\u00d1O SE COMPONE DE CORTES DE PIEDRAS QUE VAN ACOMPA\u00d1ADOS DE UN RELIEVE MUY INTERESANTE PARA ACENTUAR EL REALISMO DE SU GR\u00c1FICA. EL CONTRASTE ENTRE LOS TONOS DE LAS PIEDRAS HACE DE ESTE UN PRODUCTO MUY VERS\u00c1TIL PARA COMBINAR.<\/p>\n<p>MATERIAL: CER\u00c1MICA<br \/>\nTIPOLOG\u00cdA: EXTERIOR<br \/>\nACABADO: MATE<br \/>\nTIPO: PISO<br \/>\nMEDIDA: 50 CM x 50 CM<br \/>\nSUPERFICIE: ESTRUCTURADO<br \/>\nUSO: CM COMERCIAL MODERADO<\/p>\n<p>MANTENIMIENTO: NO UTILIZAR SUSTANCIAS ABRASIVAS, NI \u00c1CIDOS O B\u00c1SICOS FUERTES.<br \/>\nLA GARANT\u00cdA ES DE 10 A\u00d1OS CUBRE LOS DEFECTOS RELACIONADOS CON LA CALIDAD DEL PRODUCTO EN CUESTI\u00d3N Y POR LO TANTO NO CUBRE SITUACIONES DIFERENTES, TALES COMO:<br \/>\n\u2022 PROBLEMAS ORIGINADOS EN LA INSTALACI\u00d3N DEL PRODUCTO.<br \/>\n\u2022 USO INADECUADO DEL PRODUCTO.<br \/>\n\u2022 MANTENIMIENTO INADECUADO DEL PRODUCTO<\/p>\n","protected":false},"excerpt":{"rendered":"<p>PISO IDEAL PARA ESPACIOS DE EXTERIOR. EL DISE\u00d1O SE COMPONE DE CORTES DE PIEDRAS QUE VAN ACOMPA\u00d1ADOS DE UN RELIEVE MUY INTERESANTE PARA ACENTUAR EL REALISMO DE SU GR\u00c1FICA. EL CONTRASTE ENTRE LOS TONOS DE LAS PIEDRAS HACE DE ESTE UN PRODUCTO MUY VERS\u00c1TIL PARA COMBINAR.<\/p>\n<p>MATERIAL: CER\u00c1MICA<br \/>\nTIPOLOG\u00cdA: EXTERIOR<br \/>\nACABADO: MATE<br \/>\nTIPO: PISO<br \/>\nMEDIDA: 50 CM x 50 CM<\/p>\n","protected":false},"featured_media":1736,"comment_status":"open","ping_status":"closed","template":"","meta":{"_uag_custom_page_level_css":"","site-sidebar-layout":"default","site-content-layout":"","ast-site-content-layout":"default","site-content-style":"default","site-sidebar-style":"default","ast-global-header-display":"","ast-banner-title-visibility":"","ast-main-header-display":"","ast-hfb-above-header-display":"","ast-hfb-below-header-display":"","ast-hfb-mobile-header-display":"","site-post-title":"","ast-breadcrumbs-content":"","ast-featured-img":"","footer-sml-layout":"","theme-transparent-header-meta":"default","adv-header-id-meta":"","stick-header-meta":"default","header-above-stick-meta":"","header-main-stick-meta":"","header-below-stick-meta":"","astra-migrate-meta-layouts":"set","ast-page-background-enabled":"default","ast-page-background-meta":{"desktop":{"background-color":"","background-image":"","background-repeat":"repeat","background-position":"center center","background-size":"auto","background-attachment":"scroll","background-type":"","background-media":"","overlay-type":"","overlay-color":"","overlay-opacity":"","overlay-gradient":""},"tablet":{"background-color":"","background-image":"","background-repeat":"repeat","background-position":"center center","background-size":"auto","background-attachment":"scroll","background-type":"","background-media":"","overlay-type":"","overlay-color":"","overlay-opacity":"","overlay-gradient":""},"mobile":{"background-color":"","background-image":"","background-repeat":"repeat","background-position":"center center","background-size":"auto","background-attachment":"scroll","background-type":"","background-media":"","overlay-type":"","overlay-color":"","overlay-opacity":"","overlay-gradient":""}},"ast-content-background-meta":{"desktop":{"background-color":"var(--ast-global-color-5)","background-image":"","background-repeat":"repeat","background-position":"center center","background-size":"auto","background-attachment":"scroll","background-type":"","background-media":"","overlay-type":"","overlay-color":"","overlay-opacity":"","overlay-gradient":""},"tablet":{"background-color":"var(--ast-global-color-5)","background-image":"","background-repeat":"repeat","background-position":"center center","background-size":"auto","background-attachment":"scroll","background-type":"","background-media":"","overlay-type":"","overlay-color":"","overlay-opacity":"","overlay-gradient":""},"mobile":{"background-color":"var(--ast-global-color-5)","background-image":"","background-repeat":"repeat","background-position":"center center","background-size":"auto","background-attachment":"scroll","background-type":"","background-media":"","overlay-type":"","overlay-color":"","overlay-opacity":"","overlay-gradient":""}}},"product_brand":[],"product_cat":[29,37,28],"product_tag":[69,31],"class_list":{"0":"post-1735","1":"product","2":"type-product","3":"status-publish","4":"has-post-thumbnail","6":"product_cat-ceramica","7":"product_cat-interior","8":"product_cat-pisos","9":"product_tag-interior","10":"product_tag-pisos","11":"desktop-align-left","12":"tablet-align-left","13":"mobile-align-left","14":"ast-product-gallery-layout-horizontal-slider","15":"ast-product-gallery-with-no-image","17":"first","18":"instock","19":"taxable","20":"shipping-taxable","21":"product-type-simple"},"spectra_custom_meta":{"_edit_last":["1"],"_edit_lock":["1743218308:1"],"_thumbnail_id":["1736"],"_sku":["KVL50X50"],"total_sales":["0"],"_tax_status":["taxable"],"_tax_class":[""],"_manage_stock":["no"],"_backorders":["no"],"_sold_individually":["no"],"_length":["50"],"_width":["50"],"_virtual":["no"],"_downloadable":["no"],"_download_limit":["-1"],"_download_expiry":["-1"],"_stock":[null],"_stock_status":["instock"],"_wc_average_rating":["0"],"_wc_review_count":["0"],"_product_version":["9.7.1"],"site-sidebar-layout":["default"],"ast-site-content-layout":["default"],"site-content-style":["default"],"site-sidebar-style":["default"],"theme-transparent-header-meta":["default"],"astra-migrate-meta-layouts":["set"],"stick-header-meta":["default"],"_uag_page_assets":["a:9:{s:3:\"css\";s:263:\".uag-blocks-common-selector{z-index:var(--z-index-desktop) !important}@media (max-width: 976px){.uag-blocks-common-selector{z-index:var(--z-index-tablet) !important}}@media (max-width: 767px){.uag-blocks-common-selector{z-index:var(--z-index-mobile) !important}}\n\";s:2:\"js\";s:0:\"\";s:18:\"current_block_list\";a:11:{i:0;s:11:\"core\/search\";i:1;s:10:\"core\/group\";i:2;s:12:\"core\/heading\";i:3;s:17:\"core\/latest-posts\";i:4;s:20:\"core\/latest-comments\";i:5;s:13:\"core\/archives\";i:6;s:15:\"core\/categories\";i:7;s:24:\"woocommerce\/price-filter\";i:8;s:17:\"core\/widget-group\";i:9;s:27:\"woocommerce\/product-on-sale\";i:10;s:26:\"woocommerce\/filter-wrapper\";}s:8:\"uag_flag\";b:0;s:11:\"uag_version\";s:10:\"1776934797\";s:6:\"gfonts\";a:0:{}s:10:\"gfonts_url\";s:0:\"\";s:12:\"gfonts_files\";a:0:{}s:14:\"uag_faq_layout\";b:0;}"],"_uag_css_file_name":["uag-css-1735.css"]},"uagb_featured_image_src":{"full":["https:\/\/enchapesrisaralda.com\/web\/wp-content\/uploads\/2025\/03\/kavala-marfil-50x50-1.jpg",505,508,false],"thumbnail":["https:\/\/enchapesrisaralda.com\/web\/wp-content\/uploads\/2025\/03\/kavala-marfil-50x50-1-150x150.jpg",150,150,true],"medium":["https:\/\/enchapesrisaralda.com\/web\/wp-content\/uploads\/2025\/03\/kavala-marfil-50x50-1-298x300.jpg",298,300,true],"medium_large":["https:\/\/enchapesrisaralda.com\/web\/wp-content\/uploads\/2025\/03\/kavala-marfil-50x50-1.jpg",505,508,false],"large":["https:\/\/enchapesrisaralda.com\/web\/wp-content\/uploads\/2025\/03\/kavala-marfil-50x50-1.jpg",505,508,false],"1536x1536":["https:\/\/enchapesrisaralda.com\/web\/wp-content\/uploads\/2025\/03\/kavala-marfil-50x50-1.jpg",505,508,false],"2048x2048":["https:\/\/enchapesrisaralda.com\/web\/wp-content\/uploads\/2025\/03\/kavala-marfil-50x50-1.jpg",505,508,false],"mailpoet_newsletter_max":["https:\/\/enchapesrisaralda.com\/web\/wp-content\/uploads\/2025\/03\/kavala-marfil-50x50-1.jpg",505,508,false],"woocommerce_thumbnail":["https:\/\/enchapesrisaralda.com\/web\/wp-content\/uploads\/2025\/03\/kavala-marfil-50x50-1-300x300.jpg",300,300,true],"woocommerce_single":["https:\/\/enchapesrisaralda.com\/web\/wp-content\/uploads\/2025\/03\/kavala-marfil-50x50-1.jpg",505,508,false],"woocommerce_gallery_thumbnail":["https:\/\/enchapesrisaralda.com\/web\/wp-content\/uploads\/2025\/03\/kavala-marfil-50x50-1-100x100.jpg",100,100,true]},"uagb_author_info":{"display_name":"Adm1n_Enchap3sR","author_link":"https:\/\/enchapesrisaralda.com\/web\/author\/"},"uagb_comment_info":0,"uagb_excerpt":"PISO IDEAL PARA ESPACIOS DE EXTERIOR. EL DISE\u00d1O SE COMPONE DE CORTES DE PIEDRAS QUE VAN ACOMPA\u00d1ADOS DE UN RELIEVE MUY INTERESANTE PARA ACENTUAR EL REALISMO DE SU GR\u00c1FICA. EL CONTRASTE ENTRE LOS TONOS DE LAS PIEDRAS HACE DE ESTE UN PRODUCTO MUY VERS\u00c1TIL PARA COMBINAR. MATERIAL: CER\u00c1MICA TIPOLOG\u00cdA: EXTERIOR ACABADO: MATE TIPO: PISO MEDIDA:&hellip;","_links":{"self":[{"href":"https:\/\/enchapesrisaralda.com\/web\/wp-json\/wp\/v2\/product\/1735","targetHints":{"allow":["GET"]}}],"collection":[{"href":"https:\/\/enchapesrisaralda.com\/web\/wp-json\/wp\/v2\/product"}],"about":[{"href":"https:\/\/enchapesrisaralda.com\/web\/wp-json\/wp\/v2\/types\/product"}],"replies":[{"embeddable":true,"href":"https:\/\/enchapesrisaralda.com\/web\/wp-json\/wp\/v2\/comments?post=1735"}],"wp:featuredmedia":[{"embeddable":true,"href":"https:\/\/enchapesrisaralda.com\/web\/wp-json\/wp\/v2\/media\/1736"}],"wp:attachment":[{"href":"https:\/\/enchapesrisaralda.com\/web\/wp-json\/wp\/v2\/media?parent=1735"}],"wp:term":[{"taxonomy":"product_brand","embeddable":true,"href":"https:\/\/enchapesrisaralda.com\/web\/wp-json\/wp\/v2\/product_brand?post=1735"},{"taxonomy":"product_cat","embeddable":true,"href":"https:\/\/enchapesrisaralda.com\/web\/wp-json\/wp\/v2\/product_cat?post=1735"},{"taxonomy":"product_tag","embeddable":true,"href":"https:\/\/enchapesrisaralda.com\/web\/wp-json\/wp\/v2\/product_tag?post=1735"}],"curies":[{"name":"wp","href":"https:\/\/api.w.org\/{rel}","templated":true}]}}