{"id":1731,"date":"2025-03-28T17:42:30","date_gmt":"2025-03-28T22:42:30","guid":{"rendered":"https:\/\/enchapesrisaralda.com\/web\/?post_type=product&#038;p=1731"},"modified":"2025-03-28T17:42:30","modified_gmt":"2025-03-28T22:42:30","slug":"porcelanato-statuario-white","status":"publish","type":"product","link":"https:\/\/enchapesrisaralda.com\/web\/producto\/porcelanato-statuario-white\/","title":{"rendered":"PORCELANATO STATUARIO WHITE"},"content":{"rendered":"<p>TIPOLOG\u00cdA: MARMOLIZADO<br \/>\nACABADO: PULIDO<br \/>\nFORMATO: 60X120<br \/>\nAPLICACI\u00d3N: PISO &#8211; PARED<br \/>\nMEDIO AMBIENTE: INTERIOR<br \/>\nCARAS: 8<br \/>\nVARIACI\u00d3N TONO: V2<\/p>\n<p>CARACTERISTIAS:<br \/>\nRESIDENCIAL GENERAL, ESPESOR 7MM, INTERIOR, RECTIFICADO.<br \/>\nPRODUCTO QUE NO TIENE GARANTIA POR RAYADO Y MANCHADO.<\/p>\n","protected":false},"excerpt":{"rendered":"<p>TIPOLOG\u00cdA: MARMOLIZADO<br \/>\nACABADO: PULIDO<br \/>\nFORMATO: 60X120<br \/>\nAPLICACI\u00d3N: PISO &#8211; PARED<br \/>\nMEDIO AMBIENTE: INTERIOR<br \/>\nCARAS: 8<br \/>\nVARIACI\u00d3N TONO: V2<\/p>\n<p>CARACTERISTIAS:<br \/>\nRESIDENCIAL GENERAL, ESPESOR 7MM, INTERIOR, RECTIFICADO.<br \/>\nPRODUCTO QUE NO TIENE GARANTIA POR RAYADO Y MANCHADO.<\/p>\n","protected":false},"featured_media":1732,"comment_status":"open","ping_status":"closed","template":"","meta":{"_uag_custom_page_level_css":"","site-sidebar-layout":"default","site-content-layout":"","ast-site-content-layout":"default","site-content-style":"default","site-sidebar-style":"default","ast-global-header-display":"","ast-banner-title-visibility":"","ast-main-header-display":"","ast-hfb-above-header-display":"","ast-hfb-below-header-display":"","ast-hfb-mobile-header-display":"","site-post-title":"","ast-breadcrumbs-content":"","ast-featured-img":"","footer-sml-layout":"","theme-transparent-header-meta":"default","adv-header-id-meta":"","stick-header-meta":"default","header-above-stick-meta":"","header-main-stick-meta":"","header-below-stick-meta":"","astra-migrate-meta-layouts":"set","ast-page-background-enabled":"default","ast-page-background-meta":{"desktop":{"background-color":"","background-image":"","background-repeat":"repeat","background-position":"center center","background-size":"auto","background-attachment":"scroll","background-type":"","background-media":"","overlay-type":"","overlay-color":"","overlay-opacity":"","overlay-gradient":""},"tablet":{"background-color":"","background-image":"","background-repeat":"repeat","background-position":"center center","background-size":"auto","background-attachment":"scroll","background-type":"","background-media":"","overlay-type":"","overlay-color":"","overlay-opacity":"","overlay-gradient":""},"mobile":{"background-color":"","background-image":"","background-repeat":"repeat","background-position":"center center","background-size":"auto","background-attachment":"scroll","background-type":"","background-media":"","overlay-type":"","overlay-color":"","overlay-opacity":"","overlay-gradient":""}},"ast-content-background-meta":{"desktop":{"background-color":"var(--ast-global-color-5)","background-image":"","background-repeat":"repeat","background-position":"center center","background-size":"auto","background-attachment":"scroll","background-type":"","background-media":"","overlay-type":"","overlay-color":"","overlay-opacity":"","overlay-gradient":""},"tablet":{"background-color":"var(--ast-global-color-5)","background-image":"","background-repeat":"repeat","background-position":"center center","background-size":"auto","background-attachment":"scroll","background-type":"","background-media":"","overlay-type":"","overlay-color":"","overlay-opacity":"","overlay-gradient":""},"mobile":{"background-color":"var(--ast-global-color-5)","background-image":"","background-repeat":"repeat","background-position":"center center","background-size":"auto","background-attachment":"scroll","background-type":"","background-media":"","overlay-type":"","overlay-color":"","overlay-opacity":"","overlay-gradient":""}}},"product_brand":[],"product_cat":[36,61,37,38,28],"product_tag":[45,69,44,31],"class_list":{"0":"post-1731","1":"product","2":"type-product","3":"status-publish","4":"has-post-thumbnail","6":"product_cat-exterior","7":"product_cat-exterior-paredes","8":"product_cat-interior","9":"product_cat-paredes","10":"product_cat-pisos","11":"product_tag-exterior","12":"product_tag-interior","13":"product_tag-paredes","14":"product_tag-pisos","15":"desktop-align-left","16":"tablet-align-left","17":"mobile-align-left","18":"ast-product-gallery-layout-horizontal-slider","19":"ast-product-gallery-with-no-image","21":"first","22":"instock","23":"taxable","24":"shipping-taxable","25":"product-type-simple"},"spectra_custom_meta":{"_edit_last":["1"],"_edit_lock":["1743201616:1"],"_thumbnail_id":["1732"],"_sku":["PORC001"],"total_sales":["0"],"_tax_status":["taxable"],"_tax_class":[""],"_manage_stock":["no"],"_backorders":["no"],"_sold_individually":["no"],"_virtual":["no"],"_downloadable":["no"],"_download_limit":["-1"],"_download_expiry":["-1"],"_stock":[null],"_stock_status":["instock"],"_wc_average_rating":["0"],"_wc_review_count":["0"],"_product_version":["9.7.1"],"site-sidebar-layout":["default"],"ast-site-content-layout":["default"],"site-content-style":["default"],"site-sidebar-style":["default"],"theme-transparent-header-meta":["default"],"astra-migrate-meta-layouts":["set"],"stick-header-meta":["default"],"_uag_page_assets":["a:9:{s:3:\"css\";s:263:\".uag-blocks-common-selector{z-index:var(--z-index-desktop) !important}@media (max-width: 976px){.uag-blocks-common-selector{z-index:var(--z-index-tablet) !important}}@media (max-width: 767px){.uag-blocks-common-selector{z-index:var(--z-index-mobile) !important}}\n\";s:2:\"js\";s:0:\"\";s:18:\"current_block_list\";a:11:{i:0;s:11:\"core\/search\";i:1;s:10:\"core\/group\";i:2;s:12:\"core\/heading\";i:3;s:17:\"core\/latest-posts\";i:4;s:20:\"core\/latest-comments\";i:5;s:13:\"core\/archives\";i:6;s:15:\"core\/categories\";i:7;s:24:\"woocommerce\/price-filter\";i:8;s:17:\"core\/widget-group\";i:9;s:27:\"woocommerce\/product-on-sale\";i:10;s:26:\"woocommerce\/filter-wrapper\";}s:8:\"uag_flag\";b:0;s:11:\"uag_version\";s:10:\"1776934797\";s:6:\"gfonts\";a:0:{}s:10:\"gfonts_url\";s:0:\"\";s:12:\"gfonts_files\";a:0:{}s:14:\"uag_faq_layout\";b:0;}"],"_uag_css_file_name":["uag-css-1731.css"]},"uagb_featured_image_src":{"full":["https:\/\/enchapesrisaralda.com\/web\/wp-content\/uploads\/2025\/03\/porcelanato-statuario-white.jpg",545,525,false],"thumbnail":["https:\/\/enchapesrisaralda.com\/web\/wp-content\/uploads\/2025\/03\/porcelanato-statuario-white-150x150.jpg",150,150,true],"medium":["https:\/\/enchapesrisaralda.com\/web\/wp-content\/uploads\/2025\/03\/porcelanato-statuario-white-300x289.jpg",300,289,true],"medium_large":["https:\/\/enchapesrisaralda.com\/web\/wp-content\/uploads\/2025\/03\/porcelanato-statuario-white.jpg",545,525,false],"large":["https:\/\/enchapesrisaralda.com\/web\/wp-content\/uploads\/2025\/03\/porcelanato-statuario-white.jpg",545,525,false],"1536x1536":["https:\/\/enchapesrisaralda.com\/web\/wp-content\/uploads\/2025\/03\/porcelanato-statuario-white.jpg",545,525,false],"2048x2048":["https:\/\/enchapesrisaralda.com\/web\/wp-content\/uploads\/2025\/03\/porcelanato-statuario-white.jpg",545,525,false],"mailpoet_newsletter_max":["https:\/\/enchapesrisaralda.com\/web\/wp-content\/uploads\/2025\/03\/porcelanato-statuario-white.jpg",545,525,false],"woocommerce_thumbnail":["https:\/\/enchapesrisaralda.com\/web\/wp-content\/uploads\/2025\/03\/porcelanato-statuario-white-300x300.jpg",300,300,true],"woocommerce_single":["https:\/\/enchapesrisaralda.com\/web\/wp-content\/uploads\/2025\/03\/porcelanato-statuario-white.jpg",545,525,false],"woocommerce_gallery_thumbnail":["https:\/\/enchapesrisaralda.com\/web\/wp-content\/uploads\/2025\/03\/porcelanato-statuario-white-100x100.jpg",100,100,true]},"uagb_author_info":{"display_name":"Adm1n_Enchap3sR","author_link":"https:\/\/enchapesrisaralda.com\/web\/author\/"},"uagb_comment_info":0,"uagb_excerpt":"TIPOLOG\u00cdA: MARMOLIZADO ACABADO: PULIDO FORMATO: 60X120 APLICACI\u00d3N: PISO - PARED MEDIO AMBIENTE: INTERIOR CARAS: 8 VARIACI\u00d3N TONO: V2 CARACTERISTIAS: RESIDENCIAL GENERAL, ESPESOR 7MM, INTERIOR, RECTIFICADO. PRODUCTO QUE NO TIENE GARANTIA POR RAYADO Y MANCHADO.","_links":{"self":[{"href":"https:\/\/enchapesrisaralda.com\/web\/wp-json\/wp\/v2\/product\/1731","targetHints":{"allow":["GET"]}}],"collection":[{"href":"https:\/\/enchapesrisaralda.com\/web\/wp-json\/wp\/v2\/product"}],"about":[{"href":"https:\/\/enchapesrisaralda.com\/web\/wp-json\/wp\/v2\/types\/product"}],"replies":[{"embeddable":true,"href":"https:\/\/enchapesrisaralda.com\/web\/wp-json\/wp\/v2\/comments?post=1731"}],"wp:featuredmedia":[{"embeddable":true,"href":"https:\/\/enchapesrisaralda.com\/web\/wp-json\/wp\/v2\/media\/1732"}],"wp:attachment":[{"href":"https:\/\/enchapesrisaralda.com\/web\/wp-json\/wp\/v2\/media?parent=1731"}],"wp:term":[{"taxonomy":"product_brand","embeddable":true,"href":"https:\/\/enchapesrisaralda.com\/web\/wp-json\/wp\/v2\/product_brand?post=1731"},{"taxonomy":"product_cat","embeddable":true,"href":"https:\/\/enchapesrisaralda.com\/web\/wp-json\/wp\/v2\/product_cat?post=1731"},{"taxonomy":"product_tag","embeddable":true,"href":"https:\/\/enchapesrisaralda.com\/web\/wp-json\/wp\/v2\/product_tag?post=1731"}],"curies":[{"name":"wp","href":"https:\/\/api.w.org\/{rel}","templated":true}]}}