{"id":1720,"date":"2025-03-28T17:18:11","date_gmt":"2025-03-28T22:18:11","guid":{"rendered":"https:\/\/enchapesrisaralda.com\/web\/?post_type=product&#038;p=1720"},"modified":"2025-03-29T11:31:12","modified_gmt":"2025-03-29T16:31:12","slug":"pisos-spc-piedra-caliza-pvc","status":"publish","type":"product","link":"https:\/\/enchapesrisaralda.com\/web\/producto\/pisos-spc-piedra-caliza-pvc\/","title":{"rendered":"PISOS SPC PIEDRA CALIZA + PVC"},"content":{"rendered":"<p>LOS PISOS SPC SON LA REVOLUCI\u00d3N DE LOS PISOS VIN\u00cdLICOS YA QUE TIENEN LA PERFECTA COMBINACI\u00d3N ENTRE DISE\u00d1O, DUREZA, DURABILIDAD Y ESTILO. SU COMPUESTO PRINCIPAL ES POLVO DE CALIZA NATURAL, CLORURO DEPOLIVINILO Y ESTABILIZADOR LO QUE LOS CONVIERTE EN LA OPCI\u00d3N M\u00c1S ESTABLE Y DURADERA PARA CUALQUIER TIPO CLIMA Y AMBIENTE, YA QUE AL ESTAR FABRICADOS A BASE DE POLVO DE PIEDRA CALIZA EL AGUA E INCLUSO LOS RAYOS SOLARES NO GENERAN NING\u00daN IMPEDIMENTO PARA MANTENER SUS VISTOSOS DISE\u00d1OS Y VIVACES COLORES INTACTOS POR MUCHOS A\u00d1OS M\u00c1S.<\/p>\n<p>FORMATO: L &#8211; ANCHO: 18.3 &#8211; LARGO: 1.22 \u2013 EXPESOR: 4MM \u2013 1MM NEOPRENO<br \/>\n10 UNIDADES POR CAJA 2.2326 MTS<\/p>\n<p>Ventajas:<\/p>\n<ul>\n<li style=\"list-style-type: none;\">\n<ul>\n<li>RESISTENCIA AL AGUA, AL FUEGO Y AL RAYADO<\/li>\n<li>ALTA DURABILIDAD<\/li>\n<li>FACIL INSTALACION<\/li>\n<li>BAJO MANTEMIENTO<\/li>\n<li>10 A\u00d1OS DE GARANTIA.<\/li>\n<li>LA VIDA UTIL DE ESTE PRODUCTO ES DE 20 A 25 A\u00d1OS.<\/li>\n<\/ul>\n<\/li>\n<\/ul>\n","protected":false},"excerpt":{"rendered":"<p>LOS PISOS SPC SON LA REVOLUCI\u00d3N DE LOS PISOS VIN\u00cdLICOS YA QUE TIENEN LA PERFECTA COMBINACI\u00d3N ENTRE DISE\u00d1O, DUREZA, DURABILIDAD Y ESTILO. SU COMPUESTO PRINCIPAL ES POLVO DE CALIZA NATURAL, CLORURO DEPOLIVINILO Y ESTABILIZADOR LO QUE LOS CONVIERTE EN LA OPCI\u00d3N M\u00c1S ESTABLE Y DURADERA PARA CUALQUIER TIPO CLIMA Y AMBIENTE, YA QUE AL ESTAR FABRICADOS A BASE DE POLVO DE PIEDRA CALIZA EL AGUA E INCLUSO LOS RAYOS SOLARES NO GENERAN NING\u00daN IMPEDIMENTO PARA MANTENER SUS VISTOSOS DISE\u00d1OS Y VIVACES COLORES INTACTOS POR MUCHOS A\u00d1OS M\u00c1S.<\/p>\n","protected":false},"featured_media":1721,"comment_status":"open","ping_status":"closed","template":"","meta":{"_uag_custom_page_level_css":"","site-sidebar-layout":"default","site-content-layout":"","ast-site-content-layout":"default","site-content-style":"default","site-sidebar-style":"default","ast-global-header-display":"","ast-banner-title-visibility":"","ast-main-header-display":"","ast-hfb-above-header-display":"","ast-hfb-below-header-display":"","ast-hfb-mobile-header-display":"","site-post-title":"","ast-breadcrumbs-content":"","ast-featured-img":"","footer-sml-layout":"","theme-transparent-header-meta":"default","adv-header-id-meta":"","stick-header-meta":"default","header-above-stick-meta":"","header-main-stick-meta":"","header-below-stick-meta":"","astra-migrate-meta-layouts":"set","ast-page-background-enabled":"default","ast-page-background-meta":{"desktop":{"background-color":"","background-image":"","background-repeat":"repeat","background-position":"center center","background-size":"auto","background-attachment":"scroll","background-type":"","background-media":"","overlay-type":"","overlay-color":"","overlay-opacity":"","overlay-gradient":""},"tablet":{"background-color":"","background-image":"","background-repeat":"repeat","background-position":"center center","background-size":"auto","background-attachment":"scroll","background-type":"","background-media":"","overlay-type":"","overlay-color":"","overlay-opacity":"","overlay-gradient":""},"mobile":{"background-color":"","background-image":"","background-repeat":"repeat","background-position":"center center","background-size":"auto","background-attachment":"scroll","background-type":"","background-media":"","overlay-type":"","overlay-color":"","overlay-opacity":"","overlay-gradient":""}},"ast-content-background-meta":{"desktop":{"background-color":"var(--ast-global-color-5)","background-image":"","background-repeat":"repeat","background-position":"center center","background-size":"auto","background-attachment":"scroll","background-type":"","background-media":"","overlay-type":"","overlay-color":"","overlay-opacity":"","overlay-gradient":""},"tablet":{"background-color":"var(--ast-global-color-5)","background-image":"","background-repeat":"repeat","background-position":"center center","background-size":"auto","background-attachment":"scroll","background-type":"","background-media":"","overlay-type":"","overlay-color":"","overlay-opacity":"","overlay-gradient":""},"mobile":{"background-color":"var(--ast-global-color-5)","background-image":"","background-repeat":"repeat","background-position":"center center","background-size":"auto","background-attachment":"scroll","background-type":"","background-media":"","overlay-type":"","overlay-color":"","overlay-opacity":"","overlay-gradient":""}}},"product_brand":[],"product_cat":[36,37,28,33],"product_tag":[31,62],"class_list":{"0":"post-1720","1":"product","2":"type-product","3":"status-publish","4":"has-post-thumbnail","6":"product_cat-exterior","7":"product_cat-interior","8":"product_cat-pisos","9":"product_cat-spc","10":"product_tag-pisos","11":"product_tag-spc","12":"desktop-align-left","13":"tablet-align-left","14":"mobile-align-left","15":"ast-product-gallery-layout-horizontal-slider","16":"ast-product-gallery-with-no-image","18":"first","19":"instock","20":"taxable","21":"shipping-taxable","22":"product-type-simple"},"spectra_custom_meta":{"_edit_last":["1"],"_edit_lock":["1743265740:1"],"_thumbnail_id":["1721"],"_sku":["PSPS001"],"total_sales":["0"],"_tax_status":["taxable"],"_tax_class":[""],"_manage_stock":["no"],"_backorders":["no"],"_sold_individually":["no"],"_length":["18.3"],"_width":["1.22"],"_height":["5"],"_virtual":["no"],"_downloadable":["no"],"_download_limit":["-1"],"_download_expiry":["-1"],"_stock":[null],"_stock_status":["instock"],"_wc_average_rating":["0"],"_wc_review_count":["0"],"_product_version":["9.7.1"],"site-sidebar-layout":["default"],"ast-site-content-layout":["default"],"site-content-style":["default"],"site-sidebar-style":["default"],"theme-transparent-header-meta":["default"],"stick-header-meta":["default"],"astra-migrate-meta-layouts":["set"],"_uag_page_assets":["a:9:{s:3:\"css\";s:263:\".uag-blocks-common-selector{z-index:var(--z-index-desktop) !important}@media (max-width: 976px){.uag-blocks-common-selector{z-index:var(--z-index-tablet) !important}}@media (max-width: 767px){.uag-blocks-common-selector{z-index:var(--z-index-mobile) !important}}\n\";s:2:\"js\";s:0:\"\";s:18:\"current_block_list\";a:11:{i:0;s:11:\"core\/search\";i:1;s:10:\"core\/group\";i:2;s:12:\"core\/heading\";i:3;s:17:\"core\/latest-posts\";i:4;s:20:\"core\/latest-comments\";i:5;s:13:\"core\/archives\";i:6;s:15:\"core\/categories\";i:7;s:24:\"woocommerce\/price-filter\";i:8;s:17:\"core\/widget-group\";i:9;s:27:\"woocommerce\/product-on-sale\";i:10;s:26:\"woocommerce\/filter-wrapper\";}s:8:\"uag_flag\";b:0;s:11:\"uag_version\";s:10:\"1776934797\";s:6:\"gfonts\";a:0:{}s:10:\"gfonts_url\";s:0:\"\";s:12:\"gfonts_files\";a:0:{}s:14:\"uag_faq_layout\";b:0;}"],"_uag_css_file_name":["uag-css-1720.css"]},"uagb_featured_image_src":{"full":["https:\/\/enchapesrisaralda.com\/web\/wp-content\/uploads\/2025\/03\/pisos-sps-piedra-caliza.jpg",464,578,false],"thumbnail":["https:\/\/enchapesrisaralda.com\/web\/wp-content\/uploads\/2025\/03\/pisos-sps-piedra-caliza-150x150.jpg",150,150,true],"medium":["https:\/\/enchapesrisaralda.com\/web\/wp-content\/uploads\/2025\/03\/pisos-sps-piedra-caliza-241x300.jpg",241,300,true],"medium_large":["https:\/\/enchapesrisaralda.com\/web\/wp-content\/uploads\/2025\/03\/pisos-sps-piedra-caliza.jpg",464,578,false],"large":["https:\/\/enchapesrisaralda.com\/web\/wp-content\/uploads\/2025\/03\/pisos-sps-piedra-caliza.jpg",464,578,false],"1536x1536":["https:\/\/enchapesrisaralda.com\/web\/wp-content\/uploads\/2025\/03\/pisos-sps-piedra-caliza.jpg",464,578,false],"2048x2048":["https:\/\/enchapesrisaralda.com\/web\/wp-content\/uploads\/2025\/03\/pisos-sps-piedra-caliza.jpg",464,578,false],"mailpoet_newsletter_max":["https:\/\/enchapesrisaralda.com\/web\/wp-content\/uploads\/2025\/03\/pisos-sps-piedra-caliza.jpg",464,578,false],"woocommerce_thumbnail":["https:\/\/enchapesrisaralda.com\/web\/wp-content\/uploads\/2025\/03\/pisos-sps-piedra-caliza-300x300.jpg",300,300,true],"woocommerce_single":["https:\/\/enchapesrisaralda.com\/web\/wp-content\/uploads\/2025\/03\/pisos-sps-piedra-caliza.jpg",464,578,false],"woocommerce_gallery_thumbnail":["https:\/\/enchapesrisaralda.com\/web\/wp-content\/uploads\/2025\/03\/pisos-sps-piedra-caliza-100x100.jpg",100,100,true]},"uagb_author_info":{"display_name":"Adm1n_Enchap3sR","author_link":"https:\/\/enchapesrisaralda.com\/web\/author\/"},"uagb_comment_info":0,"uagb_excerpt":"LOS PISOS SPC SON LA REVOLUCI\u00d3N DE LOS PISOS VIN\u00cdLICOS YA QUE TIENEN LA PERFECTA COMBINACI\u00d3N ENTRE DISE\u00d1O, DUREZA, DURABILIDAD Y ESTILO. SU COMPUESTO PRINCIPAL ES POLVO DE CALIZA NATURAL, CLORURO DEPOLIVINILO Y ESTABILIZADOR LO QUE LOS CONVIERTE EN LA OPCI\u00d3N M\u00c1S ESTABLE Y DURADERA PARA CUALQUIER TIPO CLIMA Y AMBIENTE, YA QUE AL ESTAR&hellip;","_links":{"self":[{"href":"https:\/\/enchapesrisaralda.com\/web\/wp-json\/wp\/v2\/product\/1720","targetHints":{"allow":["GET"]}}],"collection":[{"href":"https:\/\/enchapesrisaralda.com\/web\/wp-json\/wp\/v2\/product"}],"about":[{"href":"https:\/\/enchapesrisaralda.com\/web\/wp-json\/wp\/v2\/types\/product"}],"replies":[{"embeddable":true,"href":"https:\/\/enchapesrisaralda.com\/web\/wp-json\/wp\/v2\/comments?post=1720"}],"wp:featuredmedia":[{"embeddable":true,"href":"https:\/\/enchapesrisaralda.com\/web\/wp-json\/wp\/v2\/media\/1721"}],"wp:attachment":[{"href":"https:\/\/enchapesrisaralda.com\/web\/wp-json\/wp\/v2\/media?parent=1720"}],"wp:term":[{"taxonomy":"product_brand","embeddable":true,"href":"https:\/\/enchapesrisaralda.com\/web\/wp-json\/wp\/v2\/product_brand?post=1720"},{"taxonomy":"product_cat","embeddable":true,"href":"https:\/\/enchapesrisaralda.com\/web\/wp-json\/wp\/v2\/product_cat?post=1720"},{"taxonomy":"product_tag","embeddable":true,"href":"https:\/\/enchapesrisaralda.com\/web\/wp-json\/wp\/v2\/product_tag?post=1720"}],"curies":[{"name":"wp","href":"https:\/\/api.w.org\/{rel}","templated":true}]}}